{"id":19,"date":"2018-04-03T16:11:33","date_gmt":"2018-04-03T16:11:33","guid":{"rendered":"http:\/\/alfafile.de\/?page_id=19"},"modified":"2020-08-14T11:32:41","modified_gmt":"2020-08-14T11:32:41","slug":"alfafile-premium-account","status":"publish","type":"page","link":"https:\/\/alfafile.de\/new\/","title":{"rendered":"Alfafile &#8211; PREMIUM ACCOUNT"},"content":{"rendered":"<p>Mit einer einladend wirkenden Webseite, starken Sicherheitsoptionen und einem guten, \u00fcber einige Jahre aufgebauten Ruf kann Alfafile nur als einen Geheimtipp unter Filehostern bezeichnet werden, da es an den Einfluss und die Popularit\u00e4t anderer Dienste \u00e4hnlicher Art nicht ankn\u00fcpfen kann. Das 2014 gegr\u00fcndete Unternehmen aus Schottland nimmt innerhalb der Filehosting-Szene bis heute den Platz eines Underdogs ein, doch die wenigen, die mit Alfafile vertraut sind, haben nur Gutes zu berichten.<\/p>\n<p>Sie k\u00f6nnen die detaillierten Konditionen unter dem Link finden: <a href=\"https:\/\/keep2share.info\/\" target=\"_blank\" rel=\"noopener noreferrer\"><strong>Keep2share.info<\/strong><\/a><\/p>\n\n<p><strong><a class=\"maxbutton-1 maxbutton maxbutton-cta\" target=\"_blank\" rel=\"nofollow noopener\" href=\"\/go\/\"><span class='mb-text'>Premium-Konto kaufen<\/span><\/a><\/strong><\/p>\n<h2>Registrierung<\/h2>\n<p>Das Erstellen eines Accounts bei Alfafile ist so einfach wie m\u00f6glich gestaltet. Lediglich eine E-Mail-Adresse sowie ein g\u00fcltiges Passwort werden ben\u00f6tigt. Zum Best\u00e4tigen muss nur ein Captcha gel\u00f6st werden. Viele von Alfafiles Features sind auch f\u00fcr unregistrierte Nutzer zug\u00e4nglich; grunds\u00e4tzlich besteht ausschlie\u00dflich ein klar definierter Unterschied zwischen kostenlosen und Premium-Nutzern. Trotzdem ist die Anmeldung bei Alfafile empfohlen, nicht nur, da man sich nur auf diese Weise einen Premium-Account aneignen kann, sondern auch wegen den vielen Vorteilen, wie kostenlosem Cloudspeicher und dem einfachen Upload eigener Dateien.<\/p>\n<p>Weitere Informationen finden Sie auf dieser Website <a href=\"https:\/\/turbobit.me\/de\/\" target=\"_blank\" rel=\"noopener noreferrer\"><strong>Turbobit.me<\/strong><\/a><\/p>\n<h2>Accountpl\u00e4ne<\/h2>\n<p>Alfafile l\u00e4sst sich nat\u00fcrlich auch anonym ohne Anmeldung nutzen. Hier unterliegen dem Nutzer allerdings starke Einschr\u00e4nkungen, wie es auch bei anderen Filehostern \u00fcblich ist. Beispielsweise verf\u00fcgt ein unregistrierter Nutzer \u00fcber keinerlei Cloudspeicher- oder Uploadoptionen, ein kostenlos registrierter nur magere 2 GB an monatlich nutzbarer Bandbreite sowie erstaunlich gro\u00dfz\u00fcgige 3 TB an Speicherplatz. Falls man nicht plant, selber Daten hochzuladen, mag das einem eher unwichtig erscheinen, aber auch bez\u00fcglich Downloads sind kostenlose Nutzer bei Alfafile streng benachteiligt.<\/p>\n<p>Der alternative Premiumaccount hingegen l\u00e4sst sich ganz einfach erwerben, solange man bereits einen Standard-Account besitzt. Anders als bei der Konkurrenz \u00fcblich gibt es hier ganze vier verschiedene Accountpl\u00e4ne zur Auswahl. Alle von ihnen gleichen sich in der Hinsicht, dass sie s\u00e4mtliche Limitationen der normalen Accounts, wie Werbung, Captchas und gedrosselte Downloadgeschwindigkeiten aufheben. Dazu geh\u00f6rt auch ein vollst\u00e4ndiger Recovery-Service f\u00fcr verlorene Daten und Ordner, sowie erweiterte Optionen im Upload \/ Download-Interface, wie das Kopieren, Verschieben, Direktherunterladen, Torrenting und das gleichzeitige Herunterladen von mehreren Dateien.<\/p>\n<p>Viele weitere Anbieter und Gesch\u00e4ftsm\u00f6glichkeiten findest du unter diesem LINK: <a href=\"https:\/\/ddownload.com.de\/\" target=\"_blank\" rel=\"noopener noreferrer\"><strong>Ddownload.com<\/strong><\/a><\/p>\n\n<table id=\"tablepress-11\" class=\"tablepress tablepress-id-11\">\n<thead>\n<tr class=\"row-1 odd\">\n\t<th class=\"column-1\">Kostenlos<\/th><th class=\"column-2\">Premium<\/th>\n<\/tr>\n<\/thead>\n<tbody class=\"row-hover\">\n<tr class=\"row-2 even\">\n\t<td class=\"column-1\">Downloadgeschwindigkeit limitiert auf 1 Mb\/s<\/td><td class=\"column-2\">Unbegrenzte Downloadgeschwindigkeit<\/td>\n<\/tr>\n<tr class=\"row-3 odd\">\n\t<td class=\"column-1\">Keine gleichzeitigen Downloads<\/td><td class=\"column-2\">Unbegrenzte gleichzeitige Downloads<\/td>\n<\/tr>\n<tr class=\"row-4 even\">\n\t<td class=\"column-1\">Werbung wird vor Downloads geschaltet<\/td><td class=\"column-2\">Keine Werbung<\/td>\n<\/tr>\n<tr class=\"row-5 odd\">\n\t<td class=\"column-1\">Keine Direktlinks oder Hotlinks zu hochgeladenen Dateien<\/td><td class=\"column-2\">Direktlinks und Hotlinks immer verf\u00fcgbar<\/td>\n<\/tr>\n<tr class=\"row-6 even\">\n\t<td class=\"column-1\">Wartezeit vor Downloads<\/td><td class=\"column-2\">Keine Wartezeiten<\/td>\n<\/tr>\n<tr class=\"row-7 odd\">\n\t<td class=\"column-1\">2 GB an monatlicher Bandbreite (wenn registriert)<\/td><td class=\"column-2\">Bis zu 12 TB an monatlicher Bandbreite<\/td>\n<\/tr>\n<tr class=\"row-8 even\">\n\t<td class=\"column-1\">1 TB an Cloudspeicher (wenn registriert)<\/td><td class=\"column-2\">Bis zu 10 TB an Cloudspeicher<\/td>\n<\/tr>\n<tr class=\"row-9 odd\">\n\t<td class=\"column-1\">Maximale Dateiengr\u00f6\u00dfe 2 GB<\/td><td class=\"column-2\">Maximale Dateiengr\u00f6\u00dfe 50 GB<\/td>\n<\/tr>\n<tr class=\"row-10 even\">\n\t<td class=\"column-1\">Hochgeladene Dateien werden nach 30 Tagen automatisch gel\u00f6scht<\/td><td class=\"column-2\">Unbegrenzte Laufzeit f\u00fcr hochgeladene Dateien<\/td>\n<\/tr>\n<\/tbody>\n<\/table>\n<!-- #tablepress-11 from cache -->\n<h2>Preise<\/h2>\n\n<table id=\"tablepress-12\" class=\"tablepress tablepress-id-12\">\n<thead>\n<tr class=\"row-1 odd\">\n\t<th class=\"column-1\">Preis<\/th><th class=\"column-2\">Laufzeit<\/th><th class=\"column-3\">Features<\/th>\n<\/tr>\n<\/thead>\n<tbody class=\"row-hover\">\n<tr class=\"row-2 even\">\n\t<td class=\"column-1\">$15<\/td><td class=\"column-2\">30 Tage<\/td><td class=\"column-3\">1 TB Bandbreite, 1 TB Cloudspeicher, alle obigen Premium-Features<\/td>\n<\/tr>\n<tr class=\"row-3 odd\">\n\t<td class=\"column-1\">$35<\/td><td class=\"column-2\">90 Tage<\/td><td class=\"column-3\">3 TB Bandbreite, 1 TB Cloudspeicher, alle obigen Premium-Features<\/td>\n<\/tr>\n<tr class=\"row-4 even\">\n\t<td class=\"column-1\">$50<\/td><td class=\"column-2\">180 Tage<\/td><td class=\"column-3\">6 TB Bandbreite, 5 TB Cloudspeicher, alle obigen Premium-Features<\/td>\n<\/tr>\n<tr class=\"row-5 odd\">\n\t<td class=\"column-1\">$90<\/td><td class=\"column-2\">365 Tage<\/td><td class=\"column-3\">12 TB Bandbreite, 10 TB Cloudspeicher, alle obigen Premium-Features<\/td>\n<\/tr>\n<\/tbody>\n<\/table>\n<!-- #tablepress-12 from cache -->\n<p><img loading=\"lazy\" class=\"alignnone  wp-image-235\" src=\"https:\/\/alfafile.de\/wp-content\/uploads\/2020\/06\/alfafile_prices-300x60.png\" alt=\"alfafile_prices\" width=\"800\" height=\"160\" srcset=\"https:\/\/alfafile.de\/wp-content\/uploads\/2020\/06\/alfafile_prices-300x60.png 300w, https:\/\/alfafile.de\/wp-content\/uploads\/2020\/06\/alfafile_prices-768x154.png 768w, https:\/\/alfafile.de\/wp-content\/uploads\/2020\/06\/alfafile_prices.png 791w\" sizes=\"(max-width: 800px) 100vw, 800px\" \/><\/p>\n<p>Oft sind Erm\u00e4\u00dfigungen zu den obigen Preisen verf\u00fcgbar. Diese werden mithilfe von speziellen Coupon-Codes eingel\u00f6st. Bei sogenannten Resellern kann oft abseits von alfafile.net ein solcher Coupon und \/ oder Premium-Zugang zu einem erm\u00e4\u00dfigten Preis erworben werden.<\/p>\n<p><strong><a class=\"maxbutton-1 maxbutton maxbutton-cta\" target=\"_blank\" rel=\"nofollow noopener\" href=\"\/go\/\"><span class='mb-text'>Premium-Konto kaufen<\/span><\/a><\/strong><\/p>\n<h2>Upload und Download<\/h2>\n<p>Anonyme, unregistrierte User k\u00f6nnen bei Alfafile Dateien nur herunterladen, und zwar nur als Mirror; Direktlinks sind registrierten Premiumnutzern vorbehalten. F\u00fcr diejenigen, die \u00fcber alle Features des Alfafile-Dienstes Kontrolle verf\u00fcgen, sieht der Upload- beziehungsweise Downloadprozess recht simpel aus. Sowohl Remote- als auch FTP-Uploads funktionieren ganz ohne separate Konten; einfach den gew\u00fcnschten Remote-Link eingeben beziehungsweise die Datei auf den dedizierten Alfafile-Server hochladen, und fertig ist man schon. Der standardm\u00e4\u00dfige Webupload funktioniert nat\u00fcrlich genauso schnell und einfach.<\/p>\n<h2>Zahlungsmethoden<\/h2>\n<p>Zum Freischalten eines Premiumaccounts unterst\u00fctzt Alfafile eine ausgew\u00e4hlte Reihe an verschiedenen Zahlungsmethoden, darunter<\/p>\n<ul>\n<li>VISA<\/li>\n<li>Mastercards<\/li>\n<li>Bitcoin<\/li>\n<\/ul>\n<p>Zus\u00e4tzlich kann man optional mit dem eher unbekannten Bitcoin-Fork Bitcoin Cash (BCH) oder dem Online-Payment-Service PayLocally zahlen. Die japanische, hierzulande weniger verbreitete Kreditkartenorganistation JCB ist ebenfalls vertreten.<\/p>\n<h2>Sicherheit<\/h2>\n<p>F\u00fcr maximalen Schutz jeglicher Accountdaten ist ein SSL-Verschl\u00fcsselungssystem f\u00fcr jeden Nutzer, sogar kostenlos registrierte, anw\u00e4hlbar. Zus\u00e4tzlich werden die meisten der im Alfafile-Netzwerk gespeicherten Daten ebenfalls verschl\u00fcsselt, um vor Diebstahl und Hacking zu sch\u00fctzen. Der \u00fcberaus gro\u00dfe <a href=\"https:\/\/aws.amazon.com\/de\/what-is-cloud-storage\/\" target=\"_blank\" rel=\"noopener noreferrer\">Cloudspeicher<\/a>, der selbst kostenlosen Nutzern zusteht, wird von Alfafile auch als ein praktischer Backup-Mechanismus beworben.<\/p>\n<p><img loading=\"lazy\" class=\"alignnone wp-image-185 \" src=\"https:\/\/alfafile.de\/wp-content\/uploads\/2020\/05\/erfahrungen.png\" alt=\"erfahrungen\" width=\"580\" height=\"153\" \/><\/p>\n<h2>Affiliate-Plan<\/h2>\n<p>Der Affiliate-Plan von Alfafile ist recht einfach aufgebaut und so konzipiert, sodass jeder Nutzer unabh\u00e4ngig vom Accounttyp oder Budget einsteigen kann, ohne benachteiligt zu werden. Dieser Plan folgt dem Pay Per Sale-System; man verdient also an \u2018Sales\u2019, die indirekt durch den Download eigener hochgeladener Dateien entstehen. Die Quote betr\u00e4gt hier 50 % und ist f\u00fcr alle Affiliates gleich.<br \/>\nZus\u00e4tzlich zu diesem passiven Einkommen am Hochladen und verbreiten eigener Dateien kriegt jeder Affiliate einen Premium-Account kostenlos geschenkt. Ein Referral-Programm steht ebenfalls zur Auswahl; hier verdient jeder Affiliate bis zu 7 % vom Profit eigener Referrals.<\/p>\n<h2>Support<\/h2>\n<p>Alfafile verf\u00fcgt \u00fcber einen in die Webseite integrierten Support-Service, der f\u00fcr alle User durch ein Tab immer erreichbar ist. Premium-Nutzer bekommen Priorit\u00e4ts-Support, aber selbst unregistrierte Anonym-Nutzer k\u00f6nnen einfach durch das beigef\u00fcgte Internet-Formular den Email-Support kontaktieren.<\/p>\n<p><strong><a class=\"maxbutton-1 maxbutton maxbutton-cta\" target=\"_blank\" rel=\"nofollow noopener\" href=\"\/go\/\"><span class='mb-text'>Premium-Konto kaufen<\/span><\/a><\/strong><\/p>\n","protected":false},"excerpt":{"rendered":"<p>Mit einer einladend wirkenden Webseite, starken Sicherheitsoptionen und einem guten, \u00fcber einige Jahre aufgebauten Ruf kann Alfafile nur als einen<\/p>\n","protected":false},"author":4,"featured_media":0,"parent":0,"menu_order":0,"comment_status":"closed","ping_status":"closed","template":"","meta":[],"yoast_head":"<!-- This site is optimized with the Yoast SEO plugin v18.3 - https:\/\/yoast.com\/wordpress\/plugins\/seo\/ -->\n<title>Alfafile - Premium Account<\/title>\n<meta name=\"description\" content=\"Mit einer einladend wirkenden Webseite, starken Sicherheitsoptionen und einem guten, \u00fcber einige Jahre aufgebauten Ruf kann Alfafile nur als einen Geheimtipp unter Filehostern bezeichnet werden.\" \/>\n<meta name=\"robots\" content=\"index, follow, max-snippet:-1, max-image-preview:large, max-video-preview:-1\" \/>\n<link rel=\"canonical\" href=\"https:\/\/alfafile.de\/new\/\" \/>\n<meta property=\"og:locale\" content=\"de_DE\" \/>\n<meta property=\"og:type\" content=\"article\" \/>\n<meta property=\"og:title\" content=\"Alfafile - Premium Account\" \/>\n<meta property=\"og:description\" content=\"Mit einer einladend wirkenden Webseite, starken Sicherheitsoptionen und einem guten, \u00fcber einige Jahre aufgebauten Ruf kann Alfafile nur als einen Geheimtipp unter Filehostern bezeichnet werden.\" \/>\n<meta property=\"og:url\" content=\"https:\/\/alfafile.de\/new\/\" \/>\n<meta property=\"og:site_name\" content=\"Alfafile - Premium Account\" \/>\n<meta property=\"article:modified_time\" content=\"2020-08-14T11:32:41+00:00\" \/>\n<meta property=\"og:image\" content=\"https:\/\/alfafile.de\/wp-content\/uploads\/2020\/06\/alfafile_prices-300x60.png\" \/>\n<meta name=\"twitter:card\" content=\"summary\" \/>\n<meta name=\"twitter:label1\" content=\"Gesch\u00e4tzte Lesezeit\" \/>\n\t<meta name=\"twitter:data1\" content=\"4\u00a0Minuten\" \/>\n<script type=\"application\/ld+json\" class=\"yoast-schema-graph\">{\"@context\":\"https:\/\/schema.org\",\"@graph\":[{\"@type\":\"WebSite\",\"@id\":\"https:\/\/alfafile.de\/new\/#website\",\"url\":\"https:\/\/alfafile.de\/new\/\",\"name\":\"Alfafile - Premium Account\",\"description\":\"\",\"potentialAction\":[{\"@type\":\"SearchAction\",\"target\":{\"@type\":\"EntryPoint\",\"urlTemplate\":\"https:\/\/alfafile.de\/new\/?s={search_term_string}\"},\"query-input\":\"required name=search_term_string\"}],\"inLanguage\":\"de\"},{\"@type\":\"ImageObject\",\"@id\":\"https:\/\/alfafile.de\/new\/#primaryimage\",\"inLanguage\":\"de\",\"url\":\"https:\/\/alfafile.de\/wp-content\/uploads\/2020\/06\/alfafile_prices.png\",\"contentUrl\":\"https:\/\/alfafile.de\/wp-content\/uploads\/2020\/06\/alfafile_prices.png\",\"width\":791,\"height\":159,\"caption\":\"alfafile_prices\"},{\"@type\":\"WebPage\",\"@id\":\"https:\/\/alfafile.de\/new\/#webpage\",\"url\":\"https:\/\/alfafile.de\/new\/\",\"name\":\"Alfafile - Premium Account\",\"isPartOf\":{\"@id\":\"https:\/\/alfafile.de\/new\/#website\"},\"primaryImageOfPage\":{\"@id\":\"https:\/\/alfafile.de\/new\/#primaryimage\"},\"datePublished\":\"2018-04-03T16:11:33+00:00\",\"dateModified\":\"2020-08-14T11:32:41+00:00\",\"description\":\"Mit einer einladend wirkenden Webseite, starken Sicherheitsoptionen und einem guten, \u00fcber einige Jahre aufgebauten Ruf kann Alfafile nur als einen Geheimtipp unter Filehostern bezeichnet werden.\",\"breadcrumb\":{\"@id\":\"https:\/\/alfafile.de\/new\/#breadcrumb\"},\"inLanguage\":\"de\",\"potentialAction\":[{\"@type\":\"ReadAction\",\"target\":[\"https:\/\/alfafile.de\/new\/\"]}]},{\"@type\":\"BreadcrumbList\",\"@id\":\"https:\/\/alfafile.de\/new\/#breadcrumb\",\"itemListElement\":[{\"@type\":\"ListItem\",\"position\":1,\"name\":\"Startseite\",\"item\":\"https:\/\/alfafile.de\/new\/\"},{\"@type\":\"ListItem\",\"position\":2,\"name\":\"Alfafile &#8211; PREMIUM ACCOUNT\"}]}]}<\/script>\n<!-- \/ Yoast SEO plugin. -->","yoast_head_json":{"title":"Alfafile - Premium Account","description":"Mit einer einladend wirkenden Webseite, starken Sicherheitsoptionen und einem guten, \u00fcber einige Jahre aufgebauten Ruf kann Alfafile nur als einen Geheimtipp unter Filehostern bezeichnet werden.","robots":{"index":"index","follow":"follow","max-snippet":"max-snippet:-1","max-image-preview":"max-image-preview:large","max-video-preview":"max-video-preview:-1"},"canonical":"https:\/\/alfafile.de\/new\/","og_locale":"de_DE","og_type":"article","og_title":"Alfafile - Premium Account","og_description":"Mit einer einladend wirkenden Webseite, starken Sicherheitsoptionen und einem guten, \u00fcber einige Jahre aufgebauten Ruf kann Alfafile nur als einen Geheimtipp unter Filehostern bezeichnet werden.","og_url":"https:\/\/alfafile.de\/new\/","og_site_name":"Alfafile - Premium Account","article_modified_time":"2020-08-14T11:32:41+00:00","og_image":[{"url":"https:\/\/alfafile.de\/wp-content\/uploads\/2020\/06\/alfafile_prices-300x60.png"}],"twitter_card":"summary","twitter_misc":{"Gesch\u00e4tzte Lesezeit":"4\u00a0Minuten"},"schema":{"@context":"https:\/\/schema.org","@graph":[{"@type":"WebSite","@id":"https:\/\/alfafile.de\/new\/#website","url":"https:\/\/alfafile.de\/new\/","name":"Alfafile - Premium Account","description":"","potentialAction":[{"@type":"SearchAction","target":{"@type":"EntryPoint","urlTemplate":"https:\/\/alfafile.de\/new\/?s={search_term_string}"},"query-input":"required name=search_term_string"}],"inLanguage":"de"},{"@type":"ImageObject","@id":"https:\/\/alfafile.de\/new\/#primaryimage","inLanguage":"de","url":"https:\/\/alfafile.de\/wp-content\/uploads\/2020\/06\/alfafile_prices.png","contentUrl":"https:\/\/alfafile.de\/wp-content\/uploads\/2020\/06\/alfafile_prices.png","width":791,"height":159,"caption":"alfafile_prices"},{"@type":"WebPage","@id":"https:\/\/alfafile.de\/new\/#webpage","url":"https:\/\/alfafile.de\/new\/","name":"Alfafile - Premium Account","isPartOf":{"@id":"https:\/\/alfafile.de\/new\/#website"},"primaryImageOfPage":{"@id":"https:\/\/alfafile.de\/new\/#primaryimage"},"datePublished":"2018-04-03T16:11:33+00:00","dateModified":"2020-08-14T11:32:41+00:00","description":"Mit einer einladend wirkenden Webseite, starken Sicherheitsoptionen und einem guten, \u00fcber einige Jahre aufgebauten Ruf kann Alfafile nur als einen Geheimtipp unter Filehostern bezeichnet werden.","breadcrumb":{"@id":"https:\/\/alfafile.de\/new\/#breadcrumb"},"inLanguage":"de","potentialAction":[{"@type":"ReadAction","target":["https:\/\/alfafile.de\/new\/"]}]},{"@type":"BreadcrumbList","@id":"https:\/\/alfafile.de\/new\/#breadcrumb","itemListElement":[{"@type":"ListItem","position":1,"name":"Startseite","item":"https:\/\/alfafile.de\/new\/"},{"@type":"ListItem","position":2,"name":"Alfafile &#8211; PREMIUM ACCOUNT"}]}]}},"_links":{"self":[{"href":"https:\/\/alfafile.de\/new\/wp-json\/wp\/v2\/pages\/19"}],"collection":[{"href":"https:\/\/alfafile.de\/new\/wp-json\/wp\/v2\/pages"}],"about":[{"href":"https:\/\/alfafile.de\/new\/wp-json\/wp\/v2\/types\/page"}],"author":[{"embeddable":true,"href":"https:\/\/alfafile.de\/new\/wp-json\/wp\/v2\/users\/4"}],"replies":[{"embeddable":true,"href":"https:\/\/alfafile.de\/new\/wp-json\/wp\/v2\/comments?post=19"}],"version-history":[{"count":32,"href":"https:\/\/alfafile.de\/new\/wp-json\/wp\/v2\/pages\/19\/revisions"}],"predecessor-version":[{"id":259,"href":"https:\/\/alfafile.de\/new\/wp-json\/wp\/v2\/pages\/19\/revisions\/259"}],"wp:attachment":[{"href":"https:\/\/alfafile.de\/new\/wp-json\/wp\/v2\/media?parent=19"}],"curies":[{"name":"wp","href":"https:\/\/api.w.org\/{rel}","templated":true}]}}